{"id":203,"date":"2021-10-01T03:22:43","date_gmt":"2021-10-01T03:22:43","guid":{"rendered":"https:\/\/relins.lv\/kontakti\/"},"modified":"2022-01-17T11:15:27","modified_gmt":"2022-01-17T11:15:27","slug":"contacts","status":"publish","type":"page","link":"https:\/\/relins.lv\/en\/contacts\/","title":{"rendered":"Contacts"},"content":{"rendered":"<p><strong>Reli\u0146\u0161 LTD<br \/>\n<\/strong>VAT reg. No: LV 40003297152<br \/>\nLegal address: Pakalnie\u0161u Street 18, Riga, LV \u2013 1006<br \/>\nBank: \u201cSwedbank\u201d JSC<br \/>\nBank code: HABALV22<br \/>\nAccount No:\u00a0 LV97HABA 0551 0033 8376 5<br \/>\nPhone +371 67552290<br \/>\nPhone + 371 260077 22<br \/>\nFax +371 67 552280<br \/>\ne \u2013 mail: &#x70;&#97;s&#x74;&#115;&#64;&#x72;&#x65;&#108;i&#x6e;&#115;&#46;&#x6c;&#x76;<\/p>\n","protected":false},"excerpt":{"rendered":"<p>Reli\u0146\u0161 LTD VAT reg. No: LV 40003297152 Legal address: Pakalnie\u0161u Street 18, Riga, LV \u2013 1006 Bank: \u201cSwedbank\u201d JSC Bank code: HABALV22 Account No:\u00a0 LV97HABA 0551 0033 8376 5 Phone +371 67552290 Phone + 371 260077 22 Fax +371 67 552280 e \u2013 mail: &#112;a&#x73;t&#x73;&#64;&#x72;e&#x6c;i&#x6e;s&#x2e;&#108;&#x76;<\/p>\n","protected":false},"author":1,"featured_media":0,"parent":0,"menu_order":0,"comment_status":"closed","ping_status":"closed","template":"contacts.php","meta":[],"acf":[],"yoast_head":"<!-- This site is optimized with the Yoast SEO plugin v19.1 - https:\/\/yoast.com\/wordpress\/plugins\/seo\/ -->\n<title>Contacts &raquo; Relins<\/title>\n<meta name=\"robots\" content=\"noindex, follow, max-snippet:-1, max-image-preview:large, max-video-preview:-1\" \/>\n<meta property=\"og:locale\" content=\"en_US\" \/>\n<meta property=\"og:type\" content=\"article\" \/>\n<meta property=\"og:title\" content=\"Contacts &raquo; Relins\" \/>\n<meta property=\"og:description\" content=\"Reli\u0146\u0161 LTD VAT reg. No: LV 40003297152 Legal address: Pakalnie\u0161u Street 18, Riga, LV \u2013 1006 Bank: \u201cSwedbank\u201d JSC Bank code: HABALV22 Account No:\u00a0 LV97HABA 0551 0033 8376 5 Phone +371 67552290 Phone + 371 260077 22 Fax +371 67 552280 e \u2013 mail: p&#097;&#115;&#x74;&#x73;&#x40;re&#108;&#105;&#x6e;&#x73;&#x2e;l&#118;\" \/>\n<meta property=\"og:url\" content=\"https:\/\/relins.lv\/en\/contacts\/\" \/>\n<meta property=\"og:site_name\" content=\"Relins\" \/>\n<meta property=\"article:modified_time\" content=\"2022-01-17T11:15:27+00:00\" \/>\n<meta name=\"twitter:card\" content=\"summary_large_image\" \/>\n<meta name=\"twitter:label1\" content=\"Est. reading time\" \/>\n\t<meta name=\"twitter:data1\" content=\"1 minute\" \/>\n<script type=\"application\/ld+json\" class=\"yoast-schema-graph\">{\"@context\":\"https:\/\/schema.org\",\"@graph\":[{\"@type\":\"WebSite\",\"@id\":\"https:\/\/relins.lv\/en\/#website\",\"url\":\"https:\/\/relins.lv\/en\/\",\"name\":\"Relins\",\"description\":\"\",\"potentialAction\":[{\"@type\":\"SearchAction\",\"target\":{\"@type\":\"EntryPoint\",\"urlTemplate\":\"https:\/\/relins.lv\/en\/?s={search_term_string}\"},\"query-input\":\"required name=search_term_string\"}],\"inLanguage\":\"en-US\"},{\"@type\":\"WebPage\",\"@id\":\"https:\/\/relins.lv\/en\/contacts\/#webpage\",\"url\":\"https:\/\/relins.lv\/en\/contacts\/\",\"name\":\"Contacts &raquo; Relins\",\"isPartOf\":{\"@id\":\"https:\/\/relins.lv\/en\/#website\"},\"datePublished\":\"2021-10-01T03:22:43+00:00\",\"dateModified\":\"2022-01-17T11:15:27+00:00\",\"breadcrumb\":{\"@id\":\"https:\/\/relins.lv\/en\/contacts\/#breadcrumb\"},\"inLanguage\":\"en-US\",\"potentialAction\":[{\"@type\":\"ReadAction\",\"target\":[\"https:\/\/relins.lv\/en\/contacts\/\"]}]},{\"@type\":\"BreadcrumbList\",\"@id\":\"https:\/\/relins.lv\/en\/contacts\/#breadcrumb\",\"itemListElement\":[{\"@type\":\"ListItem\",\"position\":1,\"name\":\"Home\",\"item\":\"https:\/\/relins.lv\/en\/\"},{\"@type\":\"ListItem\",\"position\":2,\"name\":\"Contacts\"}]}]}<\/script>\n<!-- \/ Yoast SEO plugin. -->","yoast_head_json":{"title":"Contacts &raquo; Relins","robots":{"index":"noindex","follow":"follow","max-snippet":"max-snippet:-1","max-image-preview":"max-image-preview:large","max-video-preview":"max-video-preview:-1"},"og_locale":"en_US","og_type":"article","og_title":"Contacts &raquo; Relins","og_description":"Reli\u0146\u0161 LTD VAT reg. No: LV 40003297152 Legal address: Pakalnie\u0161u Street 18, Riga, LV \u2013 1006 Bank: \u201cSwedbank\u201d JSC Bank code: HABALV22 Account No:\u00a0 LV97HABA 0551 0033 8376 5 Phone +371 67552290 Phone + 371 260077 22 Fax +371 67 552280 e \u2013 mail: &#112;&#x61;s&#x74;s&#64;&#x72;&#101;&#x6c;i&#110;&#x73;&#46;&#x6c;v","og_url":"https:\/\/relins.lv\/en\/contacts\/","og_site_name":"Relins","article_modified_time":"2022-01-17T11:15:27+00:00","twitter_card":"summary_large_image","twitter_misc":{"Est. reading time":"1 minute"},"schema":{"@context":"https:\/\/schema.org","@graph":[{"@type":"WebSite","@id":"https:\/\/relins.lv\/en\/#website","url":"https:\/\/relins.lv\/en\/","name":"Relins","description":"","potentialAction":[{"@type":"SearchAction","target":{"@type":"EntryPoint","urlTemplate":"https:\/\/relins.lv\/en\/?s={search_term_string}"},"query-input":"required name=search_term_string"}],"inLanguage":"en-US"},{"@type":"WebPage","@id":"https:\/\/relins.lv\/en\/contacts\/#webpage","url":"https:\/\/relins.lv\/en\/contacts\/","name":"Contacts &raquo; Relins","isPartOf":{"@id":"https:\/\/relins.lv\/en\/#website"},"datePublished":"2021-10-01T03:22:43+00:00","dateModified":"2022-01-17T11:15:27+00:00","breadcrumb":{"@id":"https:\/\/relins.lv\/en\/contacts\/#breadcrumb"},"inLanguage":"en-US","potentialAction":[{"@type":"ReadAction","target":["https:\/\/relins.lv\/en\/contacts\/"]}]},{"@type":"BreadcrumbList","@id":"https:\/\/relins.lv\/en\/contacts\/#breadcrumb","itemListElement":[{"@type":"ListItem","position":1,"name":"Home","item":"https:\/\/relins.lv\/en\/"},{"@type":"ListItem","position":2,"name":"Contacts"}]}]}},"_links":{"self":[{"href":"https:\/\/relins.lv\/en\/wp-json\/wp\/v2\/pages\/203"}],"collection":[{"href":"https:\/\/relins.lv\/en\/wp-json\/wp\/v2\/pages"}],"about":[{"href":"https:\/\/relins.lv\/en\/wp-json\/wp\/v2\/types\/page"}],"author":[{"embeddable":true,"href":"https:\/\/relins.lv\/en\/wp-json\/wp\/v2\/users\/1"}],"replies":[{"embeddable":true,"href":"https:\/\/relins.lv\/en\/wp-json\/wp\/v2\/comments?post=203"}],"version-history":[{"count":7,"href":"https:\/\/relins.lv\/en\/wp-json\/wp\/v2\/pages\/203\/revisions"}],"predecessor-version":[{"id":1836,"href":"https:\/\/relins.lv\/en\/wp-json\/wp\/v2\/pages\/203\/revisions\/1836"}],"wp:attachment":[{"href":"https:\/\/relins.lv\/en\/wp-json\/wp\/v2\/media?parent=203"}],"curies":[{"name":"wp","href":"https:\/\/api.w.org\/{rel}","templated":true}]}}